{"id":8518,"date":"2025-11-26T15:39:57","date_gmt":"2025-11-26T12:39:57","guid":{"rendered":"https:\/\/disprotez.avrasya.edu.tr\/?page_id=8518"},"modified":"2025-11-26T15:39:58","modified_gmt":"2025-11-26T12:39:58","slug":"program-ogretim-amaclari","status":"publish","type":"page","link":"https:\/\/disprotez.avrasya.edu.tr\/?page_id=8518","title":{"rendered":"Program \u00d6\u011fretim Ama\u00e7lar\u0131"},"content":{"rendered":"","protected":false},"excerpt":{"rendered":"","protected":false},"author":2,"featured_media":0,"parent":0,"menu_order":0,"comment_status":"closed","ping_status":"closed","template":"","meta":{"footnotes":""},"class_list":["post-8518","page","type-page","status-publish","hentry"],"_links":{"self":[{"href":"https:\/\/disprotez.avrasya.edu.tr\/index.php?rest_route=\/wp\/v2\/pages\/8518","targetHints":{"allow":["GET"]}}],"collection":[{"href":"https:\/\/disprotez.avrasya.edu.tr\/index.php?rest_route=\/wp\/v2\/pages"}],"about":[{"href":"https:\/\/disprotez.avrasya.edu.tr\/index.php?rest_route=\/wp\/v2\/types\/page"}],"author":[{"embeddable":true,"href":"https:\/\/disprotez.avrasya.edu.tr\/index.php?rest_route=\/wp\/v2\/users\/2"}],"replies":[{"embeddable":true,"href":"https:\/\/disprotez.avrasya.edu.tr\/index.php?rest_route=%2Fwp%2Fv2%2Fcomments&post=8518"}],"version-history":[{"count":2,"href":"https:\/\/disprotez.avrasya.edu.tr\/index.php?rest_route=\/wp\/v2\/pages\/8518\/revisions"}],"predecessor-version":[{"id":8520,"href":"https:\/\/disprotez.avrasya.edu.tr\/index.php?rest_route=\/wp\/v2\/pages\/8518\/revisions\/8520"}],"wp:attachment":[{"href":"https:\/\/disprotez.avrasya.edu.tr\/index.php?rest_route=%2Fwp%2Fv2%2Fmedia&parent=8518"}],"curies":[{"name":"wp","href":"https:\/\/api.w.org\/{rel}","templated":true}]}}